{"id":2768,"date":"2022-11-30T16:33:29","date_gmt":"2022-11-30T16:33:29","guid":{"rendered":"https:\/\/lumerie.eu\/?post_type=product&#038;p=2768"},"modified":"2025-12-22T15:46:17","modified_gmt":"2025-12-22T15:46:17","slug":"lumerie-mini","status":"publish","type":"product","link":"https:\/\/lumerie.eu\/en\/shop\/lumerie-mini\/","title":{"rendered":"LUMERiE MINI Black"},"content":{"rendered":"<p>Lumerie candles are handmade from 100% natural wax.<br \/>\nLumerie candles are crafted using only the finest 100% natural wax. It is a blend of soy and coconut wax, sourced from renewable resources, to create a candle that is not only environmentally friendly, but also burns slower and gives off a stronger, longer-lasting fragrance. Plus, our candles burn cleanly without releasing any soot into the air.<br \/>\nProvides a stronger and more lasting scent, burns clean and does not release any toxins. Considered one of the best and healthiest waxes for candle making.<br \/>\nOur high-quality, carefully selected fragrances are sourced from the world-renowned perfume center of Grasse, Provence. Our candles are free of phthalates and are not tested on animals.<\/p>\n<p><strong>Instructions for use and warnings<\/strong><br \/>\nDo not leave the candle burning unattended.<br \/>\nDo not leave the candle burning for more than 4 hours.<br \/>\nPlace the candle on a flat surface that is resistant to high temperatures, away from flammable objects.<br \/>\nStore out of the reach of children and pets.<\/p>\n<p>&nbsp;<\/p>","protected":false},"excerpt":{"rendered":"<p>Not sure which scent to choose?<br \/>\nTo make your decision easier, we have created Lumerie mini, small promotional candles packaged in 50 g aluminium containers.<br \/>\nThey are available in all 6 scents.<\/p>\n<p>&nbsp;<\/p>","protected":false},"featured_media":2776,"comment_status":"open","ping_status":"closed","template":"","meta":[],"product_brand":[],"product_cat":[38,35],"product_tag":[],"class_list":{"0":"post-2768","1":"product","2":"type-product","3":"status-publish","4":"has-post-thumbnail","6":"product_cat-svece","7":"product_cat-trgovina","9":"first","10":"outofstock","11":"taxable","12":"shipping-taxable","13":"purchasable","14":"product-type-variable"},"yoast_head":"<!-- This site is optimized with the Yoast SEO plugin v27.4 - https:\/\/yoast.com\/product\/yoast-seo-wordpress\/ -->\n<title>LUMERiE MINI Black | LUMERiE PROMOCIJSKE SVE\u010cKE| 50g<\/title>\n<meta name=\"description\" content=\"LUMERiE MINI Black DI\u0160E\u010cE SVE\u010cKE | Set 6 vonjav | Naravni vosek | Di\u0161ave iz Francije | Ro\u010dno izdelano v Sloveniji\" \/>\n<meta name=\"robots\" content=\"index, follow, max-snippet:-1, max-image-preview:large, max-video-preview:-1\" \/>\n<link rel=\"canonical\" href=\"https:\/\/lumerie.eu\/en\/shop\/lumerie-mini\/\" \/>\n<meta property=\"og:locale\" content=\"en_GB\" \/>\n<meta property=\"og:type\" content=\"article\" \/>\n<meta property=\"og:title\" content=\"LUMERiE MINI Black | LUMERiE PROMOCIJSKE SVE\u010cKE| 50g\" \/>\n<meta property=\"og:description\" content=\"LUMERiE MINI Black DI\u0160E\u010cE SVE\u010cKE | Set 6 vonjav | Naravni vosek | Di\u0161ave iz Francije | Ro\u010dno izdelano v Sloveniji\" \/>\n<meta property=\"og:url\" content=\"https:\/\/lumerie.eu\/en\/shop\/lumerie-mini\/\" \/>\n<meta property=\"og:site_name\" content=\"LUMERiE\" \/>\n<meta property=\"article:publisher\" content=\"https:\/\/www.facebook.com\/profile.php?id=100086856811001\" \/>\n<meta property=\"article:modified_time\" content=\"2025-12-22T15:46:17+00:00\" \/>\n<meta property=\"og:image\" content=\"https:\/\/lumerie.eu\/wp-content\/uploads\/2022\/11\/Lumerie-Mini.jpg\" \/>\n\t<meta property=\"og:image:width\" content=\"1280\" \/>\n\t<meta property=\"og:image:height\" content=\"1280\" \/>\n\t<meta property=\"og:image:type\" content=\"image\/jpeg\" \/>\n<meta name=\"twitter:card\" content=\"summary_large_image\" \/>\n<meta name=\"twitter:label1\" content=\"Estimated reading time\" \/>\n\t<meta name=\"twitter:data1\" content=\"1 minute\" \/>\n<script type=\"application\/ld+json\" class=\"yoast-schema-graph\">{\"@context\":\"https:\\\/\\\/schema.org\",\"@graph\":[{\"@type\":\"WebPage\",\"@id\":\"https:\\\/\\\/lumerie.eu\\\/shop\\\/lumerie-mini\\\/\",\"url\":\"https:\\\/\\\/lumerie.eu\\\/shop\\\/lumerie-mini\\\/\",\"name\":\"LUMERiE MINI Black | LUMERiE PROMOCIJSKE SVE\u010cKE| 50g\",\"isPartOf\":{\"@id\":\"https:\\\/\\\/lumerie.eu\\\/#website\"},\"primaryImageOfPage\":{\"@id\":\"https:\\\/\\\/lumerie.eu\\\/shop\\\/lumerie-mini\\\/#primaryimage\"},\"image\":{\"@id\":\"https:\\\/\\\/lumerie.eu\\\/shop\\\/lumerie-mini\\\/#primaryimage\"},\"thumbnailUrl\":\"https:\\\/\\\/lumerie.eu\\\/wp-content\\\/uploads\\\/2022\\\/11\\\/Lumerie-Mini.jpg\",\"datePublished\":\"2022-11-30T16:33:29+00:00\",\"dateModified\":\"2025-12-22T15:46:17+00:00\",\"description\":\"LUMERiE MINI Black DI\u0160E\u010cE SVE\u010cKE | Set 6 vonjav | Naravni vosek | Di\u0161ave iz Francije | Ro\u010dno izdelano v Sloveniji\",\"breadcrumb\":{\"@id\":\"https:\\\/\\\/lumerie.eu\\\/shop\\\/lumerie-mini\\\/#breadcrumb\"},\"inLanguage\":\"en-GB\",\"potentialAction\":[{\"@type\":\"ReadAction\",\"target\":[\"https:\\\/\\\/lumerie.eu\\\/shop\\\/lumerie-mini\\\/\"]}]},{\"@type\":\"ImageObject\",\"inLanguage\":\"en-GB\",\"@id\":\"https:\\\/\\\/lumerie.eu\\\/shop\\\/lumerie-mini\\\/#primaryimage\",\"url\":\"https:\\\/\\\/lumerie.eu\\\/wp-content\\\/uploads\\\/2022\\\/11\\\/Lumerie-Mini.jpg\",\"contentUrl\":\"https:\\\/\\\/lumerie.eu\\\/wp-content\\\/uploads\\\/2022\\\/11\\\/Lumerie-Mini.jpg\",\"width\":1280,\"height\":1280},{\"@type\":\"BreadcrumbList\",\"@id\":\"https:\\\/\\\/lumerie.eu\\\/shop\\\/lumerie-mini\\\/#breadcrumb\",\"itemListElement\":[{\"@type\":\"ListItem\",\"position\":1,\"name\":\"Domov\",\"item\":\"https:\\\/\\\/lumerie.eu\\\/\"},{\"@type\":\"ListItem\",\"position\":2,\"name\":\"Di\u0161e\u010de sve\u010de\",\"item\":\"https:\\\/\\\/lumerie.eu\\\/disece-svece\\\/\"},{\"@type\":\"ListItem\",\"position\":3,\"name\":\"LUMERiE MINI Black\"}]},{\"@type\":\"WebSite\",\"@id\":\"https:\\\/\\\/lumerie.eu\\\/#website\",\"url\":\"https:\\\/\\\/lumerie.eu\\\/\",\"name\":\"LUMERiE DI\u0160E\u010cE SVE\u010cE\",\"description\":\"Naravne di\u0161e\u010de sve\u010de | Sojin in kokosov vosek | Ro\u010dno izdelano\",\"publisher\":{\"@id\":\"https:\\\/\\\/lumerie.eu\\\/#organization\"},\"alternateName\":\"Di\u0161e\u010de sve\u010dke iz naravnega voska\",\"potentialAction\":[{\"@type\":\"SearchAction\",\"target\":{\"@type\":\"EntryPoint\",\"urlTemplate\":\"https:\\\/\\\/lumerie.eu\\\/?s={search_term_string}\"},\"query-input\":{\"@type\":\"PropertyValueSpecification\",\"valueRequired\":true,\"valueName\":\"search_term_string\"}}],\"inLanguage\":\"en-GB\"},{\"@type\":\"Organization\",\"@id\":\"https:\\\/\\\/lumerie.eu\\\/#organization\",\"name\":\"Lumerie\",\"url\":\"https:\\\/\\\/lumerie.eu\\\/\",\"logo\":{\"@type\":\"ImageObject\",\"inLanguage\":\"en-GB\",\"@id\":\"https:\\\/\\\/lumerie.eu\\\/#\\\/schema\\\/logo\\\/image\\\/\",\"url\":\"https:\\\/\\\/lumerie.eu\\\/wp-content\\\/uploads\\\/2022\\\/10\\\/logo-black.svg\",\"contentUrl\":\"https:\\\/\\\/lumerie.eu\\\/wp-content\\\/uploads\\\/2022\\\/10\\\/logo-black.svg\",\"width\":500,\"height\":270,\"caption\":\"Lumerie\"},\"image\":{\"@id\":\"https:\\\/\\\/lumerie.eu\\\/#\\\/schema\\\/logo\\\/image\\\/\"},\"sameAs\":[\"https:\\\/\\\/www.facebook.com\\\/profile.php?id=100086856811001\",\"https:\\\/\\\/www.instagram.com\\\/lumerie.candle\\\/\"]}]}<\/script>\n<!-- \/ Yoast SEO plugin. -->","yoast_head_json":{"title":"LUMERiE MINI Black | LUMERiE PROMOCIJSKE SVE\u010cKE| 50g","description":"LUMERiE MINI Black DI\u0160E\u010cE SVE\u010cKE | Set 6 vonjav | Naravni vosek | Di\u0161ave iz Francije | Ro\u010dno izdelano v Sloveniji","robots":{"index":"index","follow":"follow","max-snippet":"max-snippet:-1","max-image-preview":"max-image-preview:large","max-video-preview":"max-video-preview:-1"},"canonical":"https:\/\/lumerie.eu\/en\/shop\/lumerie-mini\/","og_locale":"en_GB","og_type":"article","og_title":"LUMERiE MINI Black | LUMERiE PROMOCIJSKE SVE\u010cKE| 50g","og_description":"LUMERiE MINI Black DI\u0160E\u010cE SVE\u010cKE | Set 6 vonjav | Naravni vosek | Di\u0161ave iz Francije | Ro\u010dno izdelano v Sloveniji","og_url":"https:\/\/lumerie.eu\/en\/shop\/lumerie-mini\/","og_site_name":"LUMERiE","article_publisher":"https:\/\/www.facebook.com\/profile.php?id=100086856811001","article_modified_time":"2025-12-22T15:46:17+00:00","og_image":[{"width":1280,"height":1280,"url":"https:\/\/lumerie.eu\/wp-content\/uploads\/2022\/11\/Lumerie-Mini.jpg","type":"image\/jpeg"}],"twitter_card":"summary_large_image","twitter_misc":{"Estimated reading time":"1 minute"},"schema":{"@context":"https:\/\/schema.org","@graph":[{"@type":"WebPage","@id":"https:\/\/lumerie.eu\/shop\/lumerie-mini\/","url":"https:\/\/lumerie.eu\/shop\/lumerie-mini\/","name":"LUMERiE MINI Black | LUMERiE PROMOCIJSKE SVE\u010cKE| 50g","isPartOf":{"@id":"https:\/\/lumerie.eu\/#website"},"primaryImageOfPage":{"@id":"https:\/\/lumerie.eu\/shop\/lumerie-mini\/#primaryimage"},"image":{"@id":"https:\/\/lumerie.eu\/shop\/lumerie-mini\/#primaryimage"},"thumbnailUrl":"https:\/\/lumerie.eu\/wp-content\/uploads\/2022\/11\/Lumerie-Mini.jpg","datePublished":"2022-11-30T16:33:29+00:00","dateModified":"2025-12-22T15:46:17+00:00","description":"LUMERiE MINI Black DI\u0160E\u010cE SVE\u010cKE | Set 6 vonjav | Naravni vosek | Di\u0161ave iz Francije | Ro\u010dno izdelano v Sloveniji","breadcrumb":{"@id":"https:\/\/lumerie.eu\/shop\/lumerie-mini\/#breadcrumb"},"inLanguage":"en-GB","potentialAction":[{"@type":"ReadAction","target":["https:\/\/lumerie.eu\/shop\/lumerie-mini\/"]}]},{"@type":"ImageObject","inLanguage":"en-GB","@id":"https:\/\/lumerie.eu\/shop\/lumerie-mini\/#primaryimage","url":"https:\/\/lumerie.eu\/wp-content\/uploads\/2022\/11\/Lumerie-Mini.jpg","contentUrl":"https:\/\/lumerie.eu\/wp-content\/uploads\/2022\/11\/Lumerie-Mini.jpg","width":1280,"height":1280},{"@type":"BreadcrumbList","@id":"https:\/\/lumerie.eu\/shop\/lumerie-mini\/#breadcrumb","itemListElement":[{"@type":"ListItem","position":1,"name":"Domov","item":"https:\/\/lumerie.eu\/"},{"@type":"ListItem","position":2,"name":"Di\u0161e\u010de sve\u010de","item":"https:\/\/lumerie.eu\/disece-svece\/"},{"@type":"ListItem","position":3,"name":"LUMERiE MINI Black"}]},{"@type":"WebSite","@id":"https:\/\/lumerie.eu\/#website","url":"https:\/\/lumerie.eu\/","name":"LUMERiE DI\u0160E\u010cE SVE\u010cE","description":"Naravne di\u0161e\u010de sve\u010de | Sojin in kokosov vosek | Ro\u010dno izdelano","publisher":{"@id":"https:\/\/lumerie.eu\/#organization"},"alternateName":"Di\u0161e\u010de sve\u010dke iz naravnega voska","potentialAction":[{"@type":"SearchAction","target":{"@type":"EntryPoint","urlTemplate":"https:\/\/lumerie.eu\/?s={search_term_string}"},"query-input":{"@type":"PropertyValueSpecification","valueRequired":true,"valueName":"search_term_string"}}],"inLanguage":"en-GB"},{"@type":"Organization","@id":"https:\/\/lumerie.eu\/#organization","name":"Lumerie","url":"https:\/\/lumerie.eu\/","logo":{"@type":"ImageObject","inLanguage":"en-GB","@id":"https:\/\/lumerie.eu\/#\/schema\/logo\/image\/","url":"https:\/\/lumerie.eu\/wp-content\/uploads\/2022\/10\/logo-black.svg","contentUrl":"https:\/\/lumerie.eu\/wp-content\/uploads\/2022\/10\/logo-black.svg","width":500,"height":270,"caption":"Lumerie"},"image":{"@id":"https:\/\/lumerie.eu\/#\/schema\/logo\/image\/"},"sameAs":["https:\/\/www.facebook.com\/profile.php?id=100086856811001","https:\/\/www.instagram.com\/lumerie.candle\/"]}]}},"_links":{"self":[{"href":"https:\/\/lumerie.eu\/en\/wp-json\/wp\/v2\/product\/2768","targetHints":{"allow":["GET"]}}],"collection":[{"href":"https:\/\/lumerie.eu\/en\/wp-json\/wp\/v2\/product"}],"about":[{"href":"https:\/\/lumerie.eu\/en\/wp-json\/wp\/v2\/types\/product"}],"replies":[{"embeddable":true,"href":"https:\/\/lumerie.eu\/en\/wp-json\/wp\/v2\/comments?post=2768"}],"version-history":[{"count":5,"href":"https:\/\/lumerie.eu\/en\/wp-json\/wp\/v2\/product\/2768\/revisions"}],"predecessor-version":[{"id":2922,"href":"https:\/\/lumerie.eu\/en\/wp-json\/wp\/v2\/product\/2768\/revisions\/2922"}],"wp:featuredmedia":[{"embeddable":true,"href":"https:\/\/lumerie.eu\/en\/wp-json\/wp\/v2\/media\/2776"}],"wp:attachment":[{"href":"https:\/\/lumerie.eu\/en\/wp-json\/wp\/v2\/media?parent=2768"}],"wp:term":[{"taxonomy":"product_brand","embeddable":true,"href":"https:\/\/lumerie.eu\/en\/wp-json\/wp\/v2\/product_brand?post=2768"},{"taxonomy":"product_cat","embeddable":true,"href":"https:\/\/lumerie.eu\/en\/wp-json\/wp\/v2\/product_cat?post=2768"},{"taxonomy":"product_tag","embeddable":true,"href":"https:\/\/lumerie.eu\/en\/wp-json\/wp\/v2\/product_tag?post=2768"}],"curies":[{"name":"wp","href":"https:\/\/api.w.org\/{rel}","templated":true}]}}