{"id":1413,"date":"2022-10-07T12:14:47","date_gmt":"2022-10-07T12:14:47","guid":{"rendered":"https:\/\/lumerie.eu\/product\/small-cups\/"},"modified":"2025-11-21T15:21:41","modified_gmt":"2025-11-21T15:21:41","slug":"cocoville","status":"publish","type":"product","link":"https:\/\/lumerie.eu\/en\/shop\/cocoville\/","title":{"rendered":"COCOVILLE"},"content":{"rendered":"<p>Lumerie candles are handmade from 100% natural wax.<br \/>\nWe use a combination of soy and coconut wax, which is obtained from renewable sources and is environmentally friendly. It burns slower than other waxes, provides a stronger and more lasting scent, burns cleanly and does not release soot. It is considered to be one of the best and healthiest options for candle making.<br \/>\nOur high-quality, carefully selected fragrances are sourced from the world-renowned perfume center of Grasse, Provence. Our candles are free of phthalates and are not tested on animals.<\/p>\n<p><strong>Instructions for use and warnings<br \/>\n<\/strong>For best results, leave the candle burning long enough to melt the entire surface.<br \/>\nDo not leave the candle burning unattended.<br \/>\nDo not leave the candle burning for more than 4 hours.<br \/>\nPlace the candle on a flat surface that is resistant to high temperatures, away from flammable objects.<br \/>\nBefore each burning, shorten the wick with scissors to about 0.5 cm.<br \/>\nStore out of the reach of children and pets.<\/p>\n<p>&nbsp;<\/p>","protected":false},"excerpt":{"rendered":"<p>Experience the cozy and inviting ambiance of our Vanilla Coconut candle. The perfect blend of sweet vanilla and tropical coconut creates a warm and inviting atmosphere in any room. Choose from three different sizes and colors to find the perfect fit for your home.<\/p>\n<p>Available in 3 sizes and colors.<\/p>\n<p><strong>BLACK 120g<br \/>\nROSE 300g<br \/>\nWHITE 340g<br \/>\n<\/strong><\/p>","protected":false},"featured_media":2265,"comment_status":"open","ping_status":"closed","template":"","meta":[],"product_brand":[],"product_cat":[38,35],"product_tag":[],"class_list":{"0":"post-1413","1":"product","2":"type-product","3":"status-publish","4":"has-post-thumbnail","6":"product_cat-svece","7":"product_cat-trgovina","9":"first","10":"instock","11":"taxable","12":"shipping-taxable","13":"purchasable","14":"product-type-variable"},"yoast_head":"<!-- This site is optimized with the Yoast SEO plugin v27.4 - https:\/\/yoast.com\/product\/yoast-seo-wordpress\/ -->\n<title>COCOVILLE | LUMERiE | Di\u0161e\u010de sve\u010dke iz naravnega voska<\/title>\n<meta name=\"description\" content=\"LUMERiE COCOVILLE | Sladka vanilija in tropski vonj kokosa | Sojin in kokosov vosek | Di\u0161ave iz Francije | Bomba\u017eni stenji | Ro\u010dno izdelano v Sloveniji\" \/>\n<meta name=\"robots\" content=\"index, follow, max-snippet:-1, max-image-preview:large, max-video-preview:-1\" \/>\n<link rel=\"canonical\" href=\"https:\/\/lumerie.eu\/en\/shop\/cocoville\/\" \/>\n<meta property=\"og:locale\" content=\"en_GB\" \/>\n<meta property=\"og:type\" content=\"article\" \/>\n<meta property=\"og:title\" content=\"COCOVILLE | LUMERiE | Di\u0161e\u010de sve\u010dke iz naravnega voska\" \/>\n<meta property=\"og:description\" content=\"LUMERiE COCOVILLE | Sladka vanilija in tropski vonj kokosa | Sojin in kokosov vosek | Di\u0161ave iz Francije | Bomba\u017eni stenji | Ro\u010dno izdelano v Sloveniji\" \/>\n<meta property=\"og:url\" content=\"https:\/\/lumerie.eu\/en\/shop\/cocoville\/\" \/>\n<meta property=\"og:site_name\" content=\"LUMERiE\" \/>\n<meta property=\"article:publisher\" content=\"https:\/\/www.facebook.com\/profile.php?id=100086856811001\" \/>\n<meta property=\"article:modified_time\" content=\"2025-11-21T15:21:41+00:00\" \/>\n<meta property=\"og:image\" content=\"https:\/\/lumerie.eu\/wp-content\/uploads\/2022\/10\/Kokos_vanilija_2.jpg\" \/>\n\t<meta property=\"og:image:width\" content=\"1080\" \/>\n\t<meta property=\"og:image:height\" content=\"1080\" \/>\n\t<meta property=\"og:image:type\" content=\"image\/jpeg\" \/>\n<meta name=\"twitter:card\" content=\"summary_large_image\" \/>\n<meta name=\"twitter:label1\" content=\"Estimated reading time\" \/>\n\t<meta name=\"twitter:data1\" content=\"1 minute\" \/>\n<script type=\"application\/ld+json\" class=\"yoast-schema-graph\">{\"@context\":\"https:\\\/\\\/schema.org\",\"@graph\":[{\"@type\":\"WebPage\",\"@id\":\"https:\\\/\\\/lumerie.eu\\\/shop\\\/cocoville\\\/\",\"url\":\"https:\\\/\\\/lumerie.eu\\\/shop\\\/cocoville\\\/\",\"name\":\"COCOVILLE | LUMERiE | Di\u0161e\u010de sve\u010dke iz naravnega voska\",\"isPartOf\":{\"@id\":\"https:\\\/\\\/lumerie.eu\\\/#website\"},\"primaryImageOfPage\":{\"@id\":\"https:\\\/\\\/lumerie.eu\\\/shop\\\/cocoville\\\/#primaryimage\"},\"image\":{\"@id\":\"https:\\\/\\\/lumerie.eu\\\/shop\\\/cocoville\\\/#primaryimage\"},\"thumbnailUrl\":\"https:\\\/\\\/lumerie.eu\\\/wp-content\\\/uploads\\\/2022\\\/10\\\/Kokos_vanilija_2.jpg\",\"datePublished\":\"2022-10-07T12:14:47+00:00\",\"dateModified\":\"2025-11-21T15:21:41+00:00\",\"description\":\"LUMERiE COCOVILLE | Sladka vanilija in tropski vonj kokosa | Sojin in kokosov vosek | Di\u0161ave iz Francije | Bomba\u017eni stenji | Ro\u010dno izdelano v Sloveniji\",\"breadcrumb\":{\"@id\":\"https:\\\/\\\/lumerie.eu\\\/shop\\\/cocoville\\\/#breadcrumb\"},\"inLanguage\":\"en-GB\",\"potentialAction\":[{\"@type\":\"ReadAction\",\"target\":[\"https:\\\/\\\/lumerie.eu\\\/shop\\\/cocoville\\\/\"]}]},{\"@type\":\"ImageObject\",\"inLanguage\":\"en-GB\",\"@id\":\"https:\\\/\\\/lumerie.eu\\\/shop\\\/cocoville\\\/#primaryimage\",\"url\":\"https:\\\/\\\/lumerie.eu\\\/wp-content\\\/uploads\\\/2022\\\/10\\\/Kokos_vanilija_2.jpg\",\"contentUrl\":\"https:\\\/\\\/lumerie.eu\\\/wp-content\\\/uploads\\\/2022\\\/10\\\/Kokos_vanilija_2.jpg\",\"width\":1080,\"height\":1080},{\"@type\":\"BreadcrumbList\",\"@id\":\"https:\\\/\\\/lumerie.eu\\\/shop\\\/cocoville\\\/#breadcrumb\",\"itemListElement\":[{\"@type\":\"ListItem\",\"position\":1,\"name\":\"Domov\",\"item\":\"https:\\\/\\\/lumerie.eu\\\/\"},{\"@type\":\"ListItem\",\"position\":2,\"name\":\"Di\u0161e\u010de sve\u010de\",\"item\":\"https:\\\/\\\/lumerie.eu\\\/disece-svece\\\/\"},{\"@type\":\"ListItem\",\"position\":3,\"name\":\"COCOVILLE\"}]},{\"@type\":\"WebSite\",\"@id\":\"https:\\\/\\\/lumerie.eu\\\/#website\",\"url\":\"https:\\\/\\\/lumerie.eu\\\/\",\"name\":\"LUMERiE DI\u0160E\u010cE SVE\u010cE\",\"description\":\"Naravne di\u0161e\u010de sve\u010de | Sojin in kokosov vosek | Ro\u010dno izdelano\",\"publisher\":{\"@id\":\"https:\\\/\\\/lumerie.eu\\\/#organization\"},\"alternateName\":\"Di\u0161e\u010de sve\u010dke iz naravnega voska\",\"potentialAction\":[{\"@type\":\"SearchAction\",\"target\":{\"@type\":\"EntryPoint\",\"urlTemplate\":\"https:\\\/\\\/lumerie.eu\\\/?s={search_term_string}\"},\"query-input\":{\"@type\":\"PropertyValueSpecification\",\"valueRequired\":true,\"valueName\":\"search_term_string\"}}],\"inLanguage\":\"en-GB\"},{\"@type\":\"Organization\",\"@id\":\"https:\\\/\\\/lumerie.eu\\\/#organization\",\"name\":\"Lumerie\",\"url\":\"https:\\\/\\\/lumerie.eu\\\/\",\"logo\":{\"@type\":\"ImageObject\",\"inLanguage\":\"en-GB\",\"@id\":\"https:\\\/\\\/lumerie.eu\\\/#\\\/schema\\\/logo\\\/image\\\/\",\"url\":\"https:\\\/\\\/lumerie.eu\\\/wp-content\\\/uploads\\\/2022\\\/10\\\/logo-black.svg\",\"contentUrl\":\"https:\\\/\\\/lumerie.eu\\\/wp-content\\\/uploads\\\/2022\\\/10\\\/logo-black.svg\",\"width\":500,\"height\":270,\"caption\":\"Lumerie\"},\"image\":{\"@id\":\"https:\\\/\\\/lumerie.eu\\\/#\\\/schema\\\/logo\\\/image\\\/\"},\"sameAs\":[\"https:\\\/\\\/www.facebook.com\\\/profile.php?id=100086856811001\",\"https:\\\/\\\/www.instagram.com\\\/lumerie.candle\\\/\"]}]}<\/script>\n<!-- \/ Yoast SEO plugin. -->","yoast_head_json":{"title":"COCOVILLE | LUMERiE | Di\u0161e\u010de sve\u010dke iz naravnega voska","description":"LUMERiE COCOVILLE | Sladka vanilija in tropski vonj kokosa | Sojin in kokosov vosek | Di\u0161ave iz Francije | Bomba\u017eni stenji | Ro\u010dno izdelano v Sloveniji","robots":{"index":"index","follow":"follow","max-snippet":"max-snippet:-1","max-image-preview":"max-image-preview:large","max-video-preview":"max-video-preview:-1"},"canonical":"https:\/\/lumerie.eu\/en\/shop\/cocoville\/","og_locale":"en_GB","og_type":"article","og_title":"COCOVILLE | LUMERiE | Di\u0161e\u010de sve\u010dke iz naravnega voska","og_description":"LUMERiE COCOVILLE | Sladka vanilija in tropski vonj kokosa | Sojin in kokosov vosek | Di\u0161ave iz Francije | Bomba\u017eni stenji | Ro\u010dno izdelano v Sloveniji","og_url":"https:\/\/lumerie.eu\/en\/shop\/cocoville\/","og_site_name":"LUMERiE","article_publisher":"https:\/\/www.facebook.com\/profile.php?id=100086856811001","article_modified_time":"2025-11-21T15:21:41+00:00","og_image":[{"width":1080,"height":1080,"url":"https:\/\/lumerie.eu\/wp-content\/uploads\/2022\/10\/Kokos_vanilija_2.jpg","type":"image\/jpeg"}],"twitter_card":"summary_large_image","twitter_misc":{"Estimated reading time":"1 minute"},"schema":{"@context":"https:\/\/schema.org","@graph":[{"@type":"WebPage","@id":"https:\/\/lumerie.eu\/shop\/cocoville\/","url":"https:\/\/lumerie.eu\/shop\/cocoville\/","name":"COCOVILLE | LUMERiE | Di\u0161e\u010de sve\u010dke iz naravnega voska","isPartOf":{"@id":"https:\/\/lumerie.eu\/#website"},"primaryImageOfPage":{"@id":"https:\/\/lumerie.eu\/shop\/cocoville\/#primaryimage"},"image":{"@id":"https:\/\/lumerie.eu\/shop\/cocoville\/#primaryimage"},"thumbnailUrl":"https:\/\/lumerie.eu\/wp-content\/uploads\/2022\/10\/Kokos_vanilija_2.jpg","datePublished":"2022-10-07T12:14:47+00:00","dateModified":"2025-11-21T15:21:41+00:00","description":"LUMERiE COCOVILLE | Sladka vanilija in tropski vonj kokosa | Sojin in kokosov vosek | Di\u0161ave iz Francije | Bomba\u017eni stenji | Ro\u010dno izdelano v Sloveniji","breadcrumb":{"@id":"https:\/\/lumerie.eu\/shop\/cocoville\/#breadcrumb"},"inLanguage":"en-GB","potentialAction":[{"@type":"ReadAction","target":["https:\/\/lumerie.eu\/shop\/cocoville\/"]}]},{"@type":"ImageObject","inLanguage":"en-GB","@id":"https:\/\/lumerie.eu\/shop\/cocoville\/#primaryimage","url":"https:\/\/lumerie.eu\/wp-content\/uploads\/2022\/10\/Kokos_vanilija_2.jpg","contentUrl":"https:\/\/lumerie.eu\/wp-content\/uploads\/2022\/10\/Kokos_vanilija_2.jpg","width":1080,"height":1080},{"@type":"BreadcrumbList","@id":"https:\/\/lumerie.eu\/shop\/cocoville\/#breadcrumb","itemListElement":[{"@type":"ListItem","position":1,"name":"Domov","item":"https:\/\/lumerie.eu\/"},{"@type":"ListItem","position":2,"name":"Di\u0161e\u010de sve\u010de","item":"https:\/\/lumerie.eu\/disece-svece\/"},{"@type":"ListItem","position":3,"name":"COCOVILLE"}]},{"@type":"WebSite","@id":"https:\/\/lumerie.eu\/#website","url":"https:\/\/lumerie.eu\/","name":"LUMERiE DI\u0160E\u010cE SVE\u010cE","description":"Naravne di\u0161e\u010de sve\u010de | Sojin in kokosov vosek | Ro\u010dno izdelano","publisher":{"@id":"https:\/\/lumerie.eu\/#organization"},"alternateName":"Di\u0161e\u010de sve\u010dke iz naravnega voska","potentialAction":[{"@type":"SearchAction","target":{"@type":"EntryPoint","urlTemplate":"https:\/\/lumerie.eu\/?s={search_term_string}"},"query-input":{"@type":"PropertyValueSpecification","valueRequired":true,"valueName":"search_term_string"}}],"inLanguage":"en-GB"},{"@type":"Organization","@id":"https:\/\/lumerie.eu\/#organization","name":"Lumerie","url":"https:\/\/lumerie.eu\/","logo":{"@type":"ImageObject","inLanguage":"en-GB","@id":"https:\/\/lumerie.eu\/#\/schema\/logo\/image\/","url":"https:\/\/lumerie.eu\/wp-content\/uploads\/2022\/10\/logo-black.svg","contentUrl":"https:\/\/lumerie.eu\/wp-content\/uploads\/2022\/10\/logo-black.svg","width":500,"height":270,"caption":"Lumerie"},"image":{"@id":"https:\/\/lumerie.eu\/#\/schema\/logo\/image\/"},"sameAs":["https:\/\/www.facebook.com\/profile.php?id=100086856811001","https:\/\/www.instagram.com\/lumerie.candle\/"]}]}},"_links":{"self":[{"href":"https:\/\/lumerie.eu\/en\/wp-json\/wp\/v2\/product\/1413","targetHints":{"allow":["GET"]}}],"collection":[{"href":"https:\/\/lumerie.eu\/en\/wp-json\/wp\/v2\/product"}],"about":[{"href":"https:\/\/lumerie.eu\/en\/wp-json\/wp\/v2\/types\/product"}],"replies":[{"embeddable":true,"href":"https:\/\/lumerie.eu\/en\/wp-json\/wp\/v2\/comments?post=1413"}],"version-history":[{"count":2,"href":"https:\/\/lumerie.eu\/en\/wp-json\/wp\/v2\/product\/1413\/revisions"}],"predecessor-version":[{"id":3205,"href":"https:\/\/lumerie.eu\/en\/wp-json\/wp\/v2\/product\/1413\/revisions\/3205"}],"wp:featuredmedia":[{"embeddable":true,"href":"https:\/\/lumerie.eu\/en\/wp-json\/wp\/v2\/media\/2265"}],"wp:attachment":[{"href":"https:\/\/lumerie.eu\/en\/wp-json\/wp\/v2\/media?parent=1413"}],"wp:term":[{"taxonomy":"product_brand","embeddable":true,"href":"https:\/\/lumerie.eu\/en\/wp-json\/wp\/v2\/product_brand?post=1413"},{"taxonomy":"product_cat","embeddable":true,"href":"https:\/\/lumerie.eu\/en\/wp-json\/wp\/v2\/product_cat?post=1413"},{"taxonomy":"product_tag","embeddable":true,"href":"https:\/\/lumerie.eu\/en\/wp-json\/wp\/v2\/product_tag?post=1413"}],"curies":[{"name":"wp","href":"https:\/\/api.w.org\/{rel}","templated":true}]}}